{"id":13,"date":"2016-10-08T08:16:03","date_gmt":"2016-10-08T08:16:03","guid":{"rendered":"http:\/\/www.caravan-alpstaeg.ch\/?page_id=13"},"modified":"2026-02-04T08:05:41","modified_gmt":"2026-02-04T08:05:41","slug":"mietflotte-mietbedingungen-2016-2017","status":"publish","type":"page","link":"https:\/\/www.caravan-alpstaeg.ch\/?page_id=13","title":{"rendered":"Mietflotte"},"content":{"rendered":"<h2 style=\"text-align: center;\">2026 keine Mietflotte<br \/>\nMietfahrzeuge ausverkauft<\/h2>\n<p>Lust auf Camping mit dem <strong>Reisemobil<\/strong>?<\/p>\n<div class=\"container\">\n<div class=\"row\">\n<div class=\"col-md-12\">\n<p><span class=\"text\">Die<\/span><span class=\"text\">\u00a0 sch\u00f6nste Zeit des Jahres Urlaub! Mieten Sie sich ein St\u00fcckchen Freiheit ohne auf Komfort zu verzichten.<\/span><\/p>\n<p><span class=\"text\">Caravan Alpst\u00e4g Fahrzeuge bieten Ihnen maximale Sicherheit und h\u00f6chsten Komfort .\u00a0<\/span><\/p>\n<p><span class=\"text\">Nehmen Sie telefonisch Kontakt mit uns auf. Wir beraten Sie gerne \u00fcber Urlaubsw\u00fcnsche vom Fahrzeug Egal ob f\u00fcr den Strandurlaub, eine St\u00e4dtereise oder den Sporturlaub.<\/span><\/p>\n<\/div>\n<p><a style=\"font-size: inherit;\" href=\"http:\/\/www.sunlight.de\/de\/node\/282621\" target=\"_blank\" rel=\"noopener noreferrer\"><img loading=\"lazy\" decoding=\"async\" class=\"alignnone wp-image-52 size-full\" src=\"http:\/\/www.caravan-alpstaeg.ch\/wp-content\/uploads\/2016\/10\/sunligth.gif\" alt=\"sunligth\" width=\"210\" height=\"120\" \/><\/a><img loading=\"lazy\" decoding=\"async\" class=\"alignnone wp-image-54 size-medium\" style=\"font-size: inherit;\" src=\"http:\/\/www.caravan-alpstaeg.ch\/wp-content\/uploads\/2016\/10\/SunlightA68-300x200.jpg\" alt=\"sunlighta68\" width=\"300\" height=\"200\" srcset=\"https:\/\/www.caravan-alpstaeg.ch\/wp-content\/uploads\/2016\/10\/SunlightA68-300x200.jpg 300w, https:\/\/www.caravan-alpstaeg.ch\/wp-content\/uploads\/2016\/10\/SunlightA68-120x80.jpg 120w, https:\/\/www.caravan-alpstaeg.ch\/wp-content\/uploads\/2016\/10\/SunlightA68.jpg 560w\" sizes=\"auto, (max-width: 300px) 100vw, 300px\" \/><span style=\"font-size: inherit;\">\u00a0<\/span><img loading=\"lazy\" decoding=\"async\" class=\"alignnone wp-image-129\" style=\"font-size: inherit;\" src=\"http:\/\/www.caravan-alpstaeg.ch\/wp-content\/uploads\/2016\/10\/Fahrzeuge-300x225.jpg\" alt=\"fahrzeuge\" width=\"264\" height=\"198\" srcset=\"https:\/\/www.caravan-alpstaeg.ch\/wp-content\/uploads\/2016\/10\/Fahrzeuge-300x225.jpg 300w, https:\/\/www.caravan-alpstaeg.ch\/wp-content\/uploads\/2016\/10\/Fahrzeuge-768x576.jpg 768w, https:\/\/www.caravan-alpstaeg.ch\/wp-content\/uploads\/2016\/10\/Fahrzeuge-1024x768.jpg 1024w, https:\/\/www.caravan-alpstaeg.ch\/wp-content\/uploads\/2016\/10\/Fahrzeuge-107x80.jpg 107w\" sizes=\"auto, (max-width: 264px) 100vw, 264px\" \/><\/p>\n<\/div>\n<\/div>\n<p><strong>Reservationsauftrag Formular :<\/strong><\/p>\n<p><a href=\"http:\/\/www.caravan-alpstaeg.ch\/wp-content\/uploads\/2017\/02\/Reservationsauftrag.pdf\" target=\"_blank\" rel=\"noopener noreferrer\"><span style=\"color: #0000ff;\"><strong>Hier anklicken und das Formular als Acrobat PDF Dokument runterladen<\/strong><\/span><br \/>\n<\/a><\/p>\n<p><strong>Mietbedingungen\u00a0<\/strong><\/p>\n<p><strong>Preise <\/strong><strong>Wohnmobile\u00a0:<br \/>\n<\/strong><br \/>\n1 Woche\u00a0\u00a0\u00a0\u00a0\u00a0\u00a0\u00a0\u00a0\u00a0 Fr. 1&#8217;200.00<br \/>\n2 Wochen\u00a0\u00a0\u00a0\u00a0\u00a0\u00a0\u00a0 Fr. 2&#8217;300.00<br \/>\n3 Wochen\u00a0\u00a0\u00a0\u00a0\u00a0\u00a0\u00a0 Fr. 3&#8217;400.00<\/p>\n<p>Langzeit mieten nach Absprache Die Kilometeranzahl ist unbeschr\u00e4nkt!! Die Preise verstehen sich inkl. 7,7 % MwSt<br \/>\n<strong><br \/>\nFahrer:<br \/>\n<\/strong>Der Lenker des gemieteten Fahrzeuges muss im Besitze eines g\u00fcltigen F\u00fchrerausweises sein. Der Vermieter erlaubt sich eine Kopie davon zu machen.<br \/>\n<strong><br \/>\nBezahlung<\/strong>:<br \/>\nDer Mietpreis ist sp\u00e4testens 2 Wochen im voraus zu entrichten. Mit der Anzahlung von Fr. 250.00 ist die Reservation garantiert, welche nach Erhalt der Mietbest\u00e4tigung zu erfolgen hat (wird dem Gesamtbetrag angerechnet). Bei Mietbeginn muss eine Kaution in der H\u00f6he von Fr. 1\u2019500.00 hinterlegt werden, die wieder zur\u00fcckerstattet wird.<br \/>\n<strong><br \/>\nTermine<\/strong>:<br \/>\n\u00dcbernahme jeweils am Freitag ab 16.00 Uhr<br \/>\nR\u00fccknahme jeweils am Freitag bis 11.00 Uhr<\/p>\n<p><strong>In den Fahrzeugen herrscht absolutes Rauchverbot!!<\/strong><br \/>\n<strong><br \/>\nReinigung<\/strong>:<br \/>\nDas Fahrzeug muss innen in gereinigtem Zustand zur\u00fcckgebracht werden, Nachreinigungen werden nach Aufwand verrechnet. Die Entleerung des Abwassertanks und die Reinigung des F\u00e4kalientanks ist vom Mieter zu erledigen.\u00a0<strong><br \/>\n<\/strong><strong><br \/>\nVersicherung<\/strong>:<br \/>\nDie Fahrzeuge sind mit unbegrenzter Deckung haftpflichtversichert (Selbstbehalt pro Schadenfall\u00a0Fr. 1\u2019500.00). Ebenso sind alle Fahrzeuge vollkaskoversichert<br \/>\n(Selbstbehalt pro Schadenfall Fr. 1\u2019500.00). Der Selbstbehalt ist in jedem Fall vom Mieter zu tragen, ebenso allf\u00e4llige von der Versicherung abgelehnte Sch\u00e4den<br \/>\n(Grobfahrl\u00e4ssigkeit wie Alkohol etc.)<\/p>\n<p><span style=\"text-decoration: underline;\"><strong>Zubeh\u00f6r<\/strong>\u00a0<\/span><br \/>\nIn der Miete ist folgendes Zubeh\u00f6r inbegriffen:<\/p>\n<p>&#8211;\u00a0\u00a0\u00a0\u00a0\u00a0\u00a0\u00a0\u00a0\u00a0\u00a0Koch- und Essgeschirr<br \/>\n&#8211;\u00a0\u00a0\u00a0\u00a0\u00a0\u00a0\u00a0\u00a0\u00a0\u00a0WC-Chemie, Toilettenpapie<br \/>\n&#8211;\u00a0\u00a0\u00a0\u00a0\u00a0\u00a0\u00a0\u00a0\u00a0\u00a02 volle Gasflaschen<br \/>\n&#8211;\u00a0\u00a0\u00a0\u00a0\u00a0\u00a0\u00a0\u00a0\u00a0\u00a0Alle notwendigen Stecker und Adapte<br \/>\n&#8211;\u00a0\u00a0\u00a0\u00a0\u00a0\u00a0\u00a0\u00a0\u00a0\u00a0Campingtisch und St\u00fchle<\/p>\n<p><strong>Unfall:\u00a0\u00a0\u00a0\u00a0\u00a0\u00a0\u00a0\u00a0\u00a0\u00a0\u00a0\u00a0\u00a0\u00a0\u00a0\u00a0\u00a0\u00a0\u00a0\u00a0\u00a0\u00a0\u00a0\u00a0<\/strong><br \/>\nBei einem Unfall ist der Vermieter unverz\u00fcglich zu informieren<br \/>\n(Tel. 062\/ 897 47 04). Die Polizei ist in jedem Fall bei zu ziehen.<\/p>\n<p><strong>Annullierung: <\/strong>In jedem Fall\u00a0\u00a0\u00a0\u00a0\u00a0\u00a0\u00a0\u00a0\u00a0\u00a0\u00a0\u00a0\u00a0\u00a0\u00a0 Fr. 400.00<\/p>\n<p>120 \u2013 90 Tage vor Mietbeginn\u00a0\u00a0\u00a0\u00a0\u00a0\u00a0\u00a0\u00a0\u00a0\u00a0 30\u00a0\u00a0 % des Gesamtbetrages<\/p>\n<p>89 \u2013 60 Tage vor Mietbeginn\u00a0\u00a0\u00a0\u00a0\u00a0\u00a0\u00a0\u00a0\u00a0\u00a0 60\u00a0\u00a0 % des Gesamtbetrages<\/p>\n<p>59 \u2013 30 Tage vor Mietbeginn\u00a0\u00a0\u00a0\u00a0\u00a0\u00a0\u00a0\u00a0\u00a0\u00a0 75\u00a0\u00a0 % des Gesamtbetrages<\/p>\n<p>29 &#8211;\u00a0\u00a0 0 Tage vor Mietbeginn\u00a0\u00a0\u00a0\u00a0\u00a0\u00a0\u00a0\u00a0\u00a0\u00a0 100 % des Gesamtbetrages<\/p>\n<p>Das Nichtantreten der Reise hat den Verlust des vollen Betrages zur Folge. Annullationskosten werden nur gegen Vorweisung eines g\u00fcltigen Arztzeugnisses zur\u00fcckerstattet.<\/p>\n<p><strong>Gerichtsstand:<br \/>\n<\/strong>Der Unterzeichnende erkl\u00e4rt sich mit den Bedingungen einverstanden und gelesen zu haben. Im Falle eines entstehenden Streites gilt der Gerichtsstand Lenzburg.<\/p>\n<p>Wenn nach Vereinbarung ein Fahrzeug fr\u00fcher abgeholt oder sp\u00e4ter zur\u00fcckgebracht werden kann wird pro halber Tag zus\u00e4tzlich Fr. 50.- verrechnet.<\/p>\n<p>Der Fahrzeugmieter wird aufgefordert das Fahrzeug auf Sch\u00e4den zu kontrollieren.<\/p>\n<p>Bei entstandenen Sch\u00e4den am Fahrzeug wird die Kaution zur\u00fcck behalten bis die<\/p>\n<p>H\u00f6he des Schadens abgekl\u00e4rt ist. Der Selbstbehalt betr\u00e4gt Fr. 1\u2018500.-<\/p>\n<p><strong>Reservationsauftrag Formular :<\/strong><\/p>\n<p><span style=\"color: #0000ff;\"><a style=\"color: #0000ff;\" href=\"http:\/\/www.caravan-alpstaeg.ch\/wp-content\/uploads\/2017\/02\/Reservationsauftrag.pdf\" target=\"_blank\" rel=\"noopener noreferrer\"><strong>Hier anklicken und das Formular als Acrobat PDF Dokument runterladen<\/strong>\u00a0<\/a><\/span><\/p>\n<p><strong><img loading=\"lazy\" decoding=\"async\" class=\"alignnone wp-image-19 size-medium\" src=\"http:\/\/www.caravan-alpstaeg.ch\/wp-content\/uploads\/2016\/10\/cropped-cropped-cropped-logo-300x113.jpg\" alt=\"cropped-cropped-cropped-logo.jpg\" width=\"300\" height=\"113\" srcset=\"https:\/\/www.caravan-alpstaeg.ch\/wp-content\/uploads\/2016\/10\/cropped-cropped-cropped-logo-300x113.jpg 300w, https:\/\/www.caravan-alpstaeg.ch\/wp-content\/uploads\/2016\/10\/cropped-cropped-cropped-logo-768x289.jpg 768w, https:\/\/www.caravan-alpstaeg.ch\/wp-content\/uploads\/2016\/10\/cropped-cropped-cropped-logo-1024x386.jpg 1024w, https:\/\/www.caravan-alpstaeg.ch\/wp-content\/uploads\/2016\/10\/cropped-cropped-cropped-logo-212x80.jpg 212w, https:\/\/www.caravan-alpstaeg.ch\/wp-content\/uploads\/2016\/10\/cropped-cropped-cropped-logo.jpg 1378w\" sizes=\"auto, (max-width: 300px) 100vw, 300px\" \/><\/strong><\/p>\n<p><script><br \/>\n  (function(i,s,o,g,r,a,m){i['GoogleAnalyticsObject']=r;i[r]=i[r]||function(){<br \/>\n  (i[r].q=i[r].q||[]).push(arguments)},i[r].l=1*new Date();a=s.createElement(o),<br \/>\n  m=s.getElementsByTagName(o)[0];a.async=1;a.src=g;m.parentNode.insertBefore(a,m)<br \/>\n  })(window,document,'script','https:\/\/www.google-analytics.com\/analytics.js','ga');<\/p>\n<p>  ga('create', 'UA-89650674-1', 'auto');<br \/>\n  ga('send', 'pageview');<\/p>\n<p><\/script><\/p>\n","protected":false},"excerpt":{"rendered":"<p>2026 keine Mietflotte Mietfahrzeuge ausverkauft Lust auf Camping mit dem Reisemobil? Die\u00a0 sch\u00f6nste Zeit des Jahres Urlaub! Mieten Sie sich ein St\u00fcckchen Freiheit ohne auf Komfort zu verzichten. Caravan Alpst\u00e4g Fahrzeuge bieten Ihnen maximale Sicherheit und h\u00f6chsten Komfort .\u00a0 Nehmen Sie telefonisch Kontakt mit uns auf. Wir beraten Sie gerne [&hellip;]<\/p>\n","protected":false},"author":1,"featured_media":0,"parent":0,"menu_order":1,"comment_status":"closed","ping_status":"closed","template":"","meta":{"_exactmetrics_skip_tracking":false,"_exactmetrics_sitenote_active":false,"_exactmetrics_sitenote_note":"","_exactmetrics_sitenote_category":0,"footnotes":""},"class_list":["post-13","page","type-page","status-publish","hentry"],"_links":{"self":[{"href":"https:\/\/www.caravan-alpstaeg.ch\/index.php?rest_route=\/wp\/v2\/pages\/13","targetHints":{"allow":["GET"]}}],"collection":[{"href":"https:\/\/www.caravan-alpstaeg.ch\/index.php?rest_route=\/wp\/v2\/pages"}],"about":[{"href":"https:\/\/www.caravan-alpstaeg.ch\/index.php?rest_route=\/wp\/v2\/types\/page"}],"author":[{"embeddable":true,"href":"https:\/\/www.caravan-alpstaeg.ch\/index.php?rest_route=\/wp\/v2\/users\/1"}],"replies":[{"embeddable":true,"href":"https:\/\/www.caravan-alpstaeg.ch\/index.php?rest_route=%2Fwp%2Fv2%2Fcomments&post=13"}],"version-history":[{"count":46,"href":"https:\/\/www.caravan-alpstaeg.ch\/index.php?rest_route=\/wp\/v2\/pages\/13\/revisions"}],"predecessor-version":[{"id":836,"href":"https:\/\/www.caravan-alpstaeg.ch\/index.php?rest_route=\/wp\/v2\/pages\/13\/revisions\/836"}],"wp:attachment":[{"href":"https:\/\/www.caravan-alpstaeg.ch\/index.php?rest_route=%2Fwp%2Fv2%2Fmedia&parent=13"}],"curies":[{"name":"wp","href":"https:\/\/api.w.org\/{rel}","templated":true}]}}