{"id":32,"date":"2016-10-08T08:40:34","date_gmt":"2016-10-08T08:40:34","guid":{"rendered":"http:\/\/www.caravan-alpstaeg.ch\/?page_id=32"},"modified":"2019-02-06T20:30:12","modified_gmt":"2019-02-06T20:30:12","slug":"impressum","status":"publish","type":"page","link":"https:\/\/www.caravan-alpstaeg.ch\/?page_id=32","title":{"rendered":"Impressum"},"content":{"rendered":"<p>Caravan Alpst\u00e4g<br \/>\nMario Alpst\u00e4g<br \/>\nNeulandweg 8<br \/>\n5502 Hunzenschwil<br \/>\ninfo@caravan-alpstaeg.ch<br \/>\nTel . +41 62 897 47 04<\/p>\n<p><a href=\"http:\/\/www.caravan-alpstaeg.ch\/wp-content\/uploads\/2016\/10\/logo.jpg\"><img loading=\"lazy\" decoding=\"async\" class=\"alignnone wp-image-4 size-medium\" src=\"http:\/\/www.caravan-alpstaeg.ch\/wp-content\/uploads\/2016\/10\/logo-300x110.jpg\" alt=\"logo\" width=\"300\" height=\"110\" srcset=\"https:\/\/www.caravan-alpstaeg.ch\/wp-content\/uploads\/2016\/10\/logo-300x110.jpg 300w, https:\/\/www.caravan-alpstaeg.ch\/wp-content\/uploads\/2016\/10\/logo-768x282.jpg 768w, https:\/\/www.caravan-alpstaeg.ch\/wp-content\/uploads\/2016\/10\/logo-1024x376.jpg 1024w, https:\/\/www.caravan-alpstaeg.ch\/wp-content\/uploads\/2016\/10\/logo-1200x440.jpg 1200w, https:\/\/www.caravan-alpstaeg.ch\/wp-content\/uploads\/2016\/10\/logo.jpg 1414w\" sizes=\"auto, (max-width: 300px) 100vw, 300px\" \/><br \/>\n<\/a><\/p>\n<p><strong><br \/>\nHAFTUNGSAUSSCHLUSS<\/strong><\/p>\n<p>Jegliche Haftung der Caravan Alspt\u00e4g&nbsp;(einschliesslich Fahrl\u00e4ssigkeit) f\u00fcr Sch\u00e4den oder Folgesch\u00e4den, die sich aus dem Zugriff auf die Elemente der Site oder deren Benutzung (bzw. aus der Unm\u00f6glichkeit des Zugriffs oder der Benutzung) ergeben, ist ausgeschlossen.<\/p>\n<p><strong>LINKS ZU ANDEREN WEBSITES<\/strong><\/p>\n<p>Die Caravan Alpst\u00e4g&nbsp;hat die mit der Site &#8222;verlinkten&#8220; Websites nicht \u00fcberpr\u00fcft und ist nicht verantwortlich f\u00fcr den Inhalt dieser Off-Site-Seiten oder anderer Websites, die mit der Site verlinkt sind. Das Aktivieren eines Links zu Off-Site-Seiten oder anderen Websites erfolgt auf eigenes Risiko.<\/p>\n<p>&nbsp;<\/p>\n<p><script><br \/>\n  (function(i,s,o,g,r,a,m){i['GoogleAnalyticsObject']=r;i[r]=i[r]||function(){<br \/>\n  (i[r].q=i[r].q||[]).push(arguments)},i[r].l=1*new Date();a=s.createElement(o),<br \/>\n  m=s.getElementsByTagName(o)[0];a.async=1;a.src=g;m.parentNode.insertBefore(a,m)<br \/>\n  })(window,document,'script','https:\/\/www.google-analytics.com\/analytics.js','ga');<\/p>\n<p>  ga('create', 'UA-89650674-1', 'auto');<br \/>\n  ga('send', 'pageview');<\/p>\n<p><\/script><\/p>\n","protected":false},"excerpt":{"rendered":"<p>Caravan Alpst\u00e4g Mario Alpst\u00e4g Neulandweg 8 5502 Hunzenschwil info@caravan-alpstaeg.ch Tel . +41 62 897 47 04 HAFTUNGSAUSSCHLUSS Jegliche Haftung der Caravan Alspt\u00e4g&nbsp;(einschliesslich Fahrl\u00e4ssigkeit) f\u00fcr Sch\u00e4den oder Folgesch\u00e4den, die sich aus dem Zugriff auf die Elemente der Site oder deren Benutzung (bzw. aus der Unm\u00f6glichkeit des Zugriffs oder der Benutzung) ergeben, [&hellip;]<\/p>\n","protected":false},"author":1,"featured_media":0,"parent":0,"menu_order":7,"comment_status":"closed","ping_status":"closed","template":"","meta":{"_exactmetrics_skip_tracking":false,"_exactmetrics_sitenote_active":false,"_exactmetrics_sitenote_note":"","_exactmetrics_sitenote_category":0,"footnotes":""},"class_list":["post-32","page","type-page","status-publish","hentry"],"_links":{"self":[{"href":"https:\/\/www.caravan-alpstaeg.ch\/index.php?rest_route=\/wp\/v2\/pages\/32","targetHints":{"allow":["GET"]}}],"collection":[{"href":"https:\/\/www.caravan-alpstaeg.ch\/index.php?rest_route=\/wp\/v2\/pages"}],"about":[{"href":"https:\/\/www.caravan-alpstaeg.ch\/index.php?rest_route=\/wp\/v2\/types\/page"}],"author":[{"embeddable":true,"href":"https:\/\/www.caravan-alpstaeg.ch\/index.php?rest_route=\/wp\/v2\/users\/1"}],"replies":[{"embeddable":true,"href":"https:\/\/www.caravan-alpstaeg.ch\/index.php?rest_route=%2Fwp%2Fv2%2Fcomments&post=32"}],"version-history":[{"count":11,"href":"https:\/\/www.caravan-alpstaeg.ch\/index.php?rest_route=\/wp\/v2\/pages\/32\/revisions"}],"predecessor-version":[{"id":534,"href":"https:\/\/www.caravan-alpstaeg.ch\/index.php?rest_route=\/wp\/v2\/pages\/32\/revisions\/534"}],"wp:attachment":[{"href":"https:\/\/www.caravan-alpstaeg.ch\/index.php?rest_route=%2Fwp%2Fv2%2Fmedia&parent=32"}],"curies":[{"name":"wp","href":"https:\/\/api.w.org\/{rel}","templated":true}]}}