{"id":530,"date":"2019-02-06T20:26:36","date_gmt":"2019-02-06T20:26:36","guid":{"rendered":"http:\/\/www.caravan-alpstaeg.ch\/?page_id=530"},"modified":"2019-02-06T20:39:20","modified_gmt":"2019-02-06T20:39:20","slug":"gaskontrollen","status":"publish","type":"page","link":"https:\/\/www.caravan-alpstaeg.ch\/?page_id=530","title":{"rendered":"Gaskontrollen"},"content":{"rendered":"\n<h2 class=\"wp-block-heading\">Wer darf eine Gaskontrolle machen?<\/h2>\n\n\n\n<p>Neu verlangen die gesetzlichen Grundlagen, dass k\u00fcnftig in der Schweiz nur noch qualifizierte Personen eine Gaskontrolle an Wohnmobilen, Caravans, Schiffen oder Veranstaltungen vornehmen d\u00fcrfen.&nbsp;<br><\/p>\n\n\n\n<figure class=\"wp-block-image\"><img loading=\"lazy\" decoding=\"async\" width=\"399\" height=\"161\" src=\"http:\/\/www.caravan-alpstaeg.ch\/wp-content\/uploads\/2019\/02\/LogoSlogan_DE.jpg\" alt=\"\" class=\"wp-image-521\" srcset=\"https:\/\/www.caravan-alpstaeg.ch\/wp-content\/uploads\/2019\/02\/LogoSlogan_DE.jpg 399w, https:\/\/www.caravan-alpstaeg.ch\/wp-content\/uploads\/2019\/02\/LogoSlogan_DE-300x121.jpg 300w, https:\/\/www.caravan-alpstaeg.ch\/wp-content\/uploads\/2019\/02\/LogoSlogan_DE-198x80.jpg 198w\" sizes=\"auto, (max-width: 399px) 100vw, 399px\" \/><\/figure>\n\n\n\n<h2 class=\"wp-block-heading\">Wieso braucht es eine Gaskontrolle?<\/h2>\n\n\n\n<p>Fl\u00fcssiggasanlagen sind weit verbreitet und werden auch beim Camping und an Veranstaltungen eingesetzt.&nbsp;Obwohl Fl\u00fcssiggas bei korrekter Handhabung ungef\u00e4hrlich ist, kommt es doch immer wieder zu schweren Zwischenf\u00e4llen.<br>Die gesetzlichen Grundlagen verlangen nun neu eine regelm\u00e4ssige Kontrolle von Fl\u00fcssiggasanlagen. Regelm\u00e4ssige Gaskontrollen sch\u00fctzen nicht nur die Benutzer von Wohnmobilen, Wohnwagen und Schiffen sondern auch die Nachbarn. Diese&nbsp;Kontrollen sind somit auch im Interesse der Allgemeinheit.&nbsp;Aufgrund der Beanspruchung von Wohnmobilen und Schiffen ist ein Kontrollrhythmus von 3 Jahren festgelegt worden. F\u00fcr Standbetreiber an Veranstaltungen gilt ein einj\u00e4hriges Kontrollintervall.<br><br> <br>Moderne Gasdruckregler erf\u00fcllen mehrere Funktionen gleichzeitig. Sie reduzieren den Flaschendruck auf den Betriebsdruck der Ger\u00e4te, l\u00f6sen bei einem Unfall ein Sicherheitsventil aus, schalten von der leeren auf die volle Gasflasche um. Trotz der hohen Qualit\u00e4t der Truma Gasdruckregler k\u00f6nnen Probleme auftreten, auf die wir Kunden hinweisen m\u00f6chten. Zudem geben wir Ihnen Tipps, wie Sie die Lebensdauer Ihrer Gasanlage m\u00f6glichst lange erhalten. <br><\/p>\n\n\n\n<h2 class=\"wp-block-heading\">Ver\u00f6lte Gasdruckregler<\/h2>\n\n\n\n<p>Seit einiger Zeit treten auch in Deutschland immer wieder Probleme mit ver\u00f6lten Gasdruckreglern auf. Die Ursache sind h\u00e4ufig Verunreinigungen, die sich sowohl in Tankflaschen als auch im Gas f\u00fcr Fahrzeugtanks befinden k\u00f6nnen. Dabei handelt es sich um sogenannte Aerosole. Diese \u00f6ligen Substanzen wie Olefine, Paraffine und sonstige Kohlenwasserstoff-Verbindungen gelangen \u00fcber die Logistikkette ins Fl\u00fcssiggas. Beim Kauf merken Sie keinen Unterschied zwischen sauberem und unsauberem Gas.<\/p>\n\n\n\n<p>Werden die \u00f6ligen Partikel schlie\u00dflich im Gasstrom mitgerissen, k\u00f6nnen sie sich im Gasdruckregler, den Schl\u00e4uchen, Leitungen und Ventilen ablagern und diese verstopfen. Ist ein Gasdruckregler aufgrund der Ver\u00f6lung besch\u00e4digt und funktioniert nicht mehr, muss er komplett ausgetauscht werden. Die Truma Gasdruckregler entsprechen verschiedenen DIN-Normen im Caravan-Bereich und m\u00fcssen aus Sicherheitsgr\u00fcnden daher so gebaut sein, dass sie nicht ge\u00f6ffnet werden k\u00f6nnen. Deshalb lassen sich Gasdruckregler weder reinigen noch reparieren<strong>T<\/strong><\/p>\n\n\n\n<p><strong>Truma Gasfilter<\/strong><\/p>\n\n\n\n<p>Damit Ihr Truma Gasdruckregler m\u00f6glichst lange h\u00e4lt,&nbsp;lassen Sie einen Gasfilter vor dem Regler einbauen.Dieser scheidet bis zu 99 % der \u00f6ligen Partikel ab, die sich im Fl\u00fcssiggas befinden. So sch\u00fctzen Sie Ihre gesamte Gasanlage zuverl\u00e4ssig vor Verunreinigungen.<\/p>\n\n\n\n<p>Truma gew\u00e4hrt eine Herstellergarantie von zwei Jahren auf Material- und Fertigungsfehler. Da es sich bei einer Verunreinigung um keinen Material- oder Fertigungsfehler handelt, f\u00e4llt dieser Defekt nicht unter unsere Garantie- oder Kulanzleistung. Mit unserem Gasfilter gew\u00e4hren wir einen sicheren Schutz, weshalb Garantieanspr\u00fcche nur mit unserem Gasfilter geltend gemacht werden k\u00f6nnen.<br> <br><strong>Alpst\u00e4g Caravan ist Zertifizierter Truma Premium H\u00e4ndler mit 5 Jahre Garantie \/ Arbeitskreis LPG Gaspr\u00fcfungen mit Fachausweis nach EKAS Richtlinien 7 <\/strong><br><\/p>\n\n\n\n<div class=\"wp-block-image\"><figure class=\"aligncenter\"><img loading=\"lazy\" decoding=\"async\" width=\"654\" height=\"651\" src=\"http:\/\/www.caravan-alpstaeg.ch\/wp-content\/uploads\/2019\/02\/truma_partner_logo.png\" alt=\"\" class=\"wp-image-516\" srcset=\"https:\/\/www.caravan-alpstaeg.ch\/wp-content\/uploads\/2019\/02\/truma_partner_logo.png 654w, https:\/\/www.caravan-alpstaeg.ch\/wp-content\/uploads\/2019\/02\/truma_partner_logo-150x150.png 150w, https:\/\/www.caravan-alpstaeg.ch\/wp-content\/uploads\/2019\/02\/truma_partner_logo-300x300.png 300w, https:\/\/www.caravan-alpstaeg.ch\/wp-content\/uploads\/2019\/02\/truma_partner_logo-80x80.png 80w\" sizes=\"auto, (max-width: 654px) 100vw, 654px\" \/><\/figure><\/div>\n\n\n\n<p style=\"text-align:center\"><br><em>Wir beraten Sie gerne pers\u00f6nlich<\/em> und unterst\u00fctzen Sie dabei, die richtigen Entscheidungen zu treffen.<br>Teilen <em>Sie uns<\/em> Ihren <em>Wunschtermin<\/em> mit und kontaktieren <em>Sie uns<\/em> unter :<br> +41 62 897 47 04       <a href=\"mailto:info@caravan-alpstaeg.ch\">info@caravan-alpstaeg.ch<\/a><br><\/p>\n\n\n\n<p><\/p>\n","protected":false},"excerpt":{"rendered":"<p>Wer darf eine Gaskontrolle machen? Neu verlangen die gesetzlichen Grundlagen, dass k\u00fcnftig in der Schweiz nur noch qualifizierte Personen eine Gaskontrolle an Wohnmobilen, Caravans, Schiffen oder Veranstaltungen vornehmen d\u00fcrfen.&nbsp; Wieso braucht es eine Gaskontrolle? Fl\u00fcssiggasanlagen sind weit verbreitet und werden auch beim Camping und an Veranstaltungen eingesetzt.&nbsp;Obwohl Fl\u00fcssiggas bei korrekter [&hellip;]<\/p>\n","protected":false},"author":1,"featured_media":0,"parent":0,"menu_order":0,"comment_status":"closed","ping_status":"closed","template":"","meta":{"_exactmetrics_skip_tracking":false,"_exactmetrics_sitenote_active":false,"_exactmetrics_sitenote_note":"","_exactmetrics_sitenote_category":0,"footnotes":""},"class_list":["post-530","page","type-page","status-publish","hentry"],"_links":{"self":[{"href":"https:\/\/www.caravan-alpstaeg.ch\/index.php?rest_route=\/wp\/v2\/pages\/530","targetHints":{"allow":["GET"]}}],"collection":[{"href":"https:\/\/www.caravan-alpstaeg.ch\/index.php?rest_route=\/wp\/v2\/pages"}],"about":[{"href":"https:\/\/www.caravan-alpstaeg.ch\/index.php?rest_route=\/wp\/v2\/types\/page"}],"author":[{"embeddable":true,"href":"https:\/\/www.caravan-alpstaeg.ch\/index.php?rest_route=\/wp\/v2\/users\/1"}],"replies":[{"embeddable":true,"href":"https:\/\/www.caravan-alpstaeg.ch\/index.php?rest_route=%2Fwp%2Fv2%2Fcomments&post=530"}],"version-history":[{"count":4,"href":"https:\/\/www.caravan-alpstaeg.ch\/index.php?rest_route=\/wp\/v2\/pages\/530\/revisions"}],"predecessor-version":[{"id":538,"href":"https:\/\/www.caravan-alpstaeg.ch\/index.php?rest_route=\/wp\/v2\/pages\/530\/revisions\/538"}],"wp:attachment":[{"href":"https:\/\/www.caravan-alpstaeg.ch\/index.php?rest_route=%2Fwp%2Fv2%2Fmedia&parent=530"}],"curies":[{"name":"wp","href":"https:\/\/api.w.org\/{rel}","templated":true}]}}